{"id":72,"date":"2025-06-12T19:00:47","date_gmt":"2025-06-12T22:00:47","guid":{"rendered":"http:\/\/www.colegiomagister.cl\/?page_id=72"},"modified":"2025-06-13T13:24:24","modified_gmt":"2025-06-13T16:24:24","slug":"colegio","status":"publish","type":"page","link":"https:\/\/www.colegiomagister.cl\/?page_id=72","title":{"rendered":"Colegio"},"content":{"rendered":"\n<p><\/p>\n\n\n\n<h2 class=\"wp-block-heading\"><strong>VISION<\/strong><\/h2>\n\n\n\n<p>El Colegio Magister apuntas a ser un centro de educaci\u00f3n de excelencia mediante ense\u00f1anza centrada en la persona e innovaci\u00f3n pedag\u00f3gica, formando a estudiantes con valores s\u00f3lidos para ser ciudadanos de bien.<\/p>\n\n\n\n<h2 class=\"wp-block-heading\"><strong>MISION<\/strong><\/h2>\n\n\n\n<p>El Colegio Magister entrega una educaci\u00f3n cient\u00edfico-humanista desde la educaci\u00f3n preb\u00e1sica hasta la ense\u00f1anza media, en un ambiente seguro, familiar y estimulante. Se enfoca en una atenci\u00f3n personalizada, promueve la convivencia escolar positiva y busca la mejora continua de los aprendizajes mediante metodolog\u00edas activas, el uso de tecnolog\u00edas y una comunidad educativa comprometida<\/p>\n\n\n\n<figure class=\"wp-block-embed is-type-video is-provider-youtube wp-block-embed-youtube wp-embed-aspect-16-9 wp-has-aspect-ratio\"><div class=\"wp-block-embed__wrapper\">\n<iframe loading=\"lazy\" title=\"Colegio Magister, Rancagua. Chile 2022\" width=\"640\" height=\"360\" src=\"https:\/\/www.youtube.com\/embed\/PdHnsn2cTVE?feature=oembed\" frameborder=\"0\" allow=\"accelerometer; autoplay; clipboard-write; encrypted-media; gyroscope; picture-in-picture; web-share\" referrerpolicy=\"strict-origin-when-cross-origin\" allowfullscreen><\/iframe>\n<\/div><\/figure>\n","protected":false},"excerpt":{"rendered":"<p>VISION El Colegio Magister apuntas a ser un centro de educaci\u00f3n de excelencia mediante ense\u00f1anza centrada en la persona e innovaci\u00f3n pedag\u00f3gica, formando a estudiantes con valores s\u00f3lidos para ser ciudadanos de bien. MISION El Colegio Magister entrega una educaci\u00f3n cient\u00edfico-humanista desde la educaci\u00f3n preb\u00e1sica hasta la ense\u00f1anza media, en un ambiente seguro, familiar y [&hellip;]<\/p>\n","protected":false},"author":1,"featured_media":0,"parent":0,"menu_order":0,"comment_status":"closed","ping_status":"closed","template":"","meta":{"footnotes":""},"class_list":["post-72","page","type-page","status-publish","hentry"],"_links":{"self":[{"href":"https:\/\/www.colegiomagister.cl\/index.php?rest_route=\/wp\/v2\/pages\/72","targetHints":{"allow":["GET"]}}],"collection":[{"href":"https:\/\/www.colegiomagister.cl\/index.php?rest_route=\/wp\/v2\/pages"}],"about":[{"href":"https:\/\/www.colegiomagister.cl\/index.php?rest_route=\/wp\/v2\/types\/page"}],"author":[{"embeddable":true,"href":"https:\/\/www.colegiomagister.cl\/index.php?rest_route=\/wp\/v2\/users\/1"}],"replies":[{"embeddable":true,"href":"https:\/\/www.colegiomagister.cl\/index.php?rest_route=%2Fwp%2Fv2%2Fcomments&post=72"}],"version-history":[{"count":4,"href":"https:\/\/www.colegiomagister.cl\/index.php?rest_route=\/wp\/v2\/pages\/72\/revisions"}],"predecessor-version":[{"id":138,"href":"https:\/\/www.colegiomagister.cl\/index.php?rest_route=\/wp\/v2\/pages\/72\/revisions\/138"}],"wp:attachment":[{"href":"https:\/\/www.colegiomagister.cl\/index.php?rest_route=%2Fwp%2Fv2%2Fmedia&parent=72"}],"curies":[{"name":"wp","href":"https:\/\/api.w.org\/{rel}","templated":true}]}}